{"id":231,"date":"2016-02-11T13:28:11","date_gmt":"2016-02-11T12:28:11","guid":{"rendered":"https:\/\/www.deunkvis.nl\/de\/?page_id=231"},"modified":"2026-01-06T12:19:01","modified_gmt":"2026-01-06T11:19:01","slug":"fischteich","status":"publish","type":"page","link":"https:\/\/www.deunkvis.nl\/de\/fischteich\/","title":{"rendered":"Fischteich"},"content":{"rendered":"<p>Wenn Sie m\u00f6chten, k\u00f6nnen Sie bei uns in ruhiger und nat\u00fcrlicher Umgebung Forellen angeln. Wir haben zwei sch\u00f6ne Fischteiche mit ausgezeichneter Wasser- und Fischqualit\u00e4t. Sie k\u00f6nnen einen halben Tag oder auch den ganzen Tag angeln, au\u00dferdem k\u00f6nnen Sie auch einen der Teiche anmieten. Wir haben ganzj\u00e4hrig ge\u00f6ffnet!<\/p>\n<h2>Angelzeiten:<\/h2>\n<p>Halber Tag von:<br \/>\n07.00 \u2013 12.00 Uhr<br \/>\n12.00 \u2013 17.00 Uhr<\/p>\n<p>Der Preis pro halber Tag f\u00fcr den kleinen Teich betr\u00e4gt \u20ac 12,-, Einsatz: 3 Forellen.<br \/>\n(In diesem Teich darf mit einer Angel pro Person geangelt werden. Zwei Angeln kostet \u20ac 17.-)<\/p>\n<p>Der Preis pro halber Tag f\u00fcr den gro\u00dfen Teich betr\u00e4gt \u20ac 15,-, Einsatz: 4 Forellen.<br \/>\n(In diesem Teich darf mit zwei Angeln pro Person geangelt werden.)<\/p>\n<p>Extra halber tag kostet + \u20ac 9.-<\/p>\n<p>Wir vermieten von Montag bis Samstag auch Angelruten, sonntags jedoch nicht.<\/p>\n<p>Es kann auch ein Teich gemietet werden. Reservierungen sind nur telefonisch unter 0543-513865 m\u00f6glich.<\/p>\n<p>*Hunde sind nicht erlaubt<br \/>\n<img loading=\"lazy\" decoding=\"async\" class=\"alignleft size-thumbnail wp-image-2569\" src=\"https:\/\/www.deunkvis.nl\/wp-content\/uploads\/2024\/04\/geenhonden-150x150.jpeg\" alt=\"\" width=\"50\" height=\"50\" srcset=\"https:\/\/www.deunkvis.nl\/wp-content\/uploads\/2024\/04\/geenhonden-150x150.jpeg 150w, https:\/\/www.deunkvis.nl\/wp-content\/uploads\/2024\/04\/geenhonden-300x300.jpeg 300w, https:\/\/www.deunkvis.nl\/wp-content\/uploads\/2024\/04\/geenhonden-768x768.jpeg 768w, https:\/\/www.deunkvis.nl\/wp-content\/uploads\/2024\/04\/geenhonden-1000x1000.jpeg 1000w, https:\/\/www.deunkvis.nl\/wp-content\/uploads\/2024\/04\/geenhonden.jpeg 1024w\" sizes=\"auto, (max-width: 50px) 100vw, 50px\" \/><\/p>\n<hr \/>\n\n\t\t<style type=\"text\/css\">\n\t\t\t#gallery-1 {\n\t\t\t\tmargin: auto;\n\t\t\t}\n\t\t\t#gallery-1 .gallery-item {\n\t\t\t\tfloat: left;\n\t\t\t\tmargin-top: 10px;\n\t\t\t\ttext-align: center;\n\t\t\t\twidth: 33%;\n\t\t\t}\n\t\t\t#gallery-1 img {\n\t\t\t\tborder: 2px solid #cfcfcf;\n\t\t\t}\n\t\t\t#gallery-1 .gallery-caption {\n\t\t\t\tmargin-left: 0;\n\t\t\t}\n\t\t\t\/* see gallery_shortcode() in wp-includes\/media.php *\/\n\t\t<\/style>\n\t\t<div id='gallery-1' class='gallery galleryid-231 gallery-columns-3 gallery-size-medium'><dl class='gallery-item'>\n\t\t\t<dt class='gallery-icon landscape'>\n\t\t\t\t<a href='https:\/\/www.deunkvis.nl\/wp-content\/uploads\/2014\/11\/DSC_0820.jpg' title=\"\" data-rl_title=\"\" class=\"rl-gallery-link\" data-rl_caption=\"\" data-rel=\"box-gallery-1\"><img loading=\"lazy\" decoding=\"async\" width=\"300\" height=\"200\" src=\"https:\/\/www.deunkvis.nl\/wp-content\/uploads\/2014\/11\/DSC_0820-300x200.jpg\" class=\"attachment-medium size-medium\" alt=\"\" srcset=\"https:\/\/www.deunkvis.nl\/wp-content\/uploads\/2014\/11\/DSC_0820-300x200.jpg 300w, https:\/\/www.deunkvis.nl\/wp-content\/uploads\/2014\/11\/DSC_0820-768x512.jpg 768w, https:\/\/www.deunkvis.nl\/wp-content\/uploads\/2014\/11\/DSC_0820-1024x683.jpg 1024w, https:\/\/www.deunkvis.nl\/wp-content\/uploads\/2014\/11\/DSC_0820.jpg 1600w\" sizes=\"auto, (max-width: 300px) 100vw, 300px\" \/><\/a>\n\t\t\t<\/dt><\/dl><dl class='gallery-item'>\n\t\t\t<dt class='gallery-icon landscape'>\n\t\t\t\t<a href='https:\/\/www.deunkvis.nl\/wp-content\/uploads\/2014\/11\/DSC_0821.jpg' title=\"\" data-rl_title=\"\" class=\"rl-gallery-link\" data-rl_caption=\"\" data-rel=\"box-gallery-1\"><img loading=\"lazy\" decoding=\"async\" width=\"300\" height=\"200\" src=\"https:\/\/www.deunkvis.nl\/wp-content\/uploads\/2014\/11\/DSC_0821-300x200.jpg\" class=\"attachment-medium size-medium\" alt=\"\" srcset=\"https:\/\/www.deunkvis.nl\/wp-content\/uploads\/2014\/11\/DSC_0821-300x200.jpg 300w, https:\/\/www.deunkvis.nl\/wp-content\/uploads\/2014\/11\/DSC_0821-768x512.jpg 768w, https:\/\/www.deunkvis.nl\/wp-content\/uploads\/2014\/11\/DSC_0821-1024x683.jpg 1024w, https:\/\/www.deunkvis.nl\/wp-content\/uploads\/2014\/11\/DSC_0821.jpg 1600w\" sizes=\"auto, (max-width: 300px) 100vw, 300px\" \/><\/a>\n\t\t\t<\/dt><\/dl><dl class='gallery-item'>\n\t\t\t<dt class='gallery-icon landscape'>\n\t\t\t\t<a href='https:\/\/www.deunkvis.nl\/wp-content\/uploads\/2014\/11\/DSC_0826.jpg' title=\"\" data-rl_title=\"\" class=\"rl-gallery-link\" data-rl_caption=\"\" data-rel=\"box-gallery-1\"><img loading=\"lazy\" decoding=\"async\" width=\"300\" height=\"200\" src=\"https:\/\/www.deunkvis.nl\/wp-content\/uploads\/2014\/11\/DSC_0826-300x200.jpg\" class=\"attachment-medium size-medium\" alt=\"\" srcset=\"https:\/\/www.deunkvis.nl\/wp-content\/uploads\/2014\/11\/DSC_0826-300x200.jpg 300w, https:\/\/www.deunkvis.nl\/wp-content\/uploads\/2014\/11\/DSC_0826-768x512.jpg 768w, https:\/\/www.deunkvis.nl\/wp-content\/uploads\/2014\/11\/DSC_0826-1024x683.jpg 1024w, https:\/\/www.deunkvis.nl\/wp-content\/uploads\/2014\/11\/DSC_0826.jpg 1600w\" sizes=\"auto, (max-width: 300px) 100vw, 300px\" \/><\/a>\n\t\t\t<\/dt><\/dl><br style=\"clear: both\" \/><dl class='gallery-item'>\n\t\t\t<dt class='gallery-icon landscape'>\n\t\t\t\t<a href='https:\/\/www.deunkvis.nl\/wp-content\/uploads\/2014\/11\/DSC_0828.jpg' title=\"\" data-rl_title=\"\" class=\"rl-gallery-link\" data-rl_caption=\"\" data-rel=\"box-gallery-1\"><img loading=\"lazy\" decoding=\"async\" width=\"300\" height=\"200\" src=\"https:\/\/www.deunkvis.nl\/wp-content\/uploads\/2014\/11\/DSC_0828-300x200.jpg\" class=\"attachment-medium size-medium\" alt=\"\" srcset=\"https:\/\/www.deunkvis.nl\/wp-content\/uploads\/2014\/11\/DSC_0828-300x200.jpg 300w, https:\/\/www.deunkvis.nl\/wp-content\/uploads\/2014\/11\/DSC_0828-768x512.jpg 768w, https:\/\/www.deunkvis.nl\/wp-content\/uploads\/2014\/11\/DSC_0828-1024x683.jpg 1024w, https:\/\/www.deunkvis.nl\/wp-content\/uploads\/2014\/11\/DSC_0828.jpg 1600w\" sizes=\"auto, (max-width: 300px) 100vw, 300px\" \/><\/a>\n\t\t\t<\/dt><\/dl><dl class='gallery-item'>\n\t\t\t<dt class='gallery-icon landscape'>\n\t\t\t\t<a href='https:\/\/www.deunkvis.nl\/wp-content\/uploads\/2014\/11\/DSC_0830.jpg' title=\"\" data-rl_title=\"\" class=\"rl-gallery-link\" data-rl_caption=\"\" data-rel=\"box-gallery-1\"><img loading=\"lazy\" decoding=\"async\" width=\"300\" height=\"200\" src=\"https:\/\/www.deunkvis.nl\/wp-content\/uploads\/2014\/11\/DSC_0830-300x200.jpg\" class=\"attachment-medium size-medium\" alt=\"\" srcset=\"https:\/\/www.deunkvis.nl\/wp-content\/uploads\/2014\/11\/DSC_0830-300x200.jpg 300w, https:\/\/www.deunkvis.nl\/wp-content\/uploads\/2014\/11\/DSC_0830-768x512.jpg 768w, https:\/\/www.deunkvis.nl\/wp-content\/uploads\/2014\/11\/DSC_0830-1024x683.jpg 1024w, https:\/\/www.deunkvis.nl\/wp-content\/uploads\/2014\/11\/DSC_0830.jpg 1600w\" sizes=\"auto, (max-width: 300px) 100vw, 300px\" \/><\/a>\n\t\t\t<\/dt><\/dl>\n\t\t\t<br style='clear: both' \/>\n\t\t<\/div>\n\n","protected":false},"excerpt":{"rendered":"<p>Wenn Sie m\u00f6chten, k\u00f6nnen Sie bei uns in ruhiger und nat\u00fcrlicher Umgebung Forellen angeln. Wir haben zwei sch\u00f6ne Fischteiche mit ausgezeichneter Wasser- und Fischqualit\u00e4t. Sie k\u00f6nnen einen halben Tag oder auch den ganzen Tag angeln, au\u00dferdem k\u00f6nnen Sie auch einen der Teiche anmieten. Wir haben ganzj\u00e4hrig ge\u00f6ffnet! Angelzeiten: Halber Tag von: 07.00 \u2013 12.00 Uhr [&hellip;]<\/p>\n","protected":false},"author":1,"featured_media":0,"parent":0,"menu_order":4,"comment_status":"closed","ping_status":"closed","template":"","meta":{"_acf_changed":false,"footnotes":""},"class_list":["post-231","page","type-page","status-publish","hentry","wordpress-sticky"],"acf":[],"yoast_head":"<!-- This site is optimized with the Yoast SEO plugin v27.2 - https:\/\/yoast.com\/product\/yoast-seo-wordpress\/ -->\n<title>Fischteich - Zeevisgroothandel Deunk B.V.<\/title>\n<meta name=\"robots\" content=\"index, follow, max-snippet:-1, max-image-preview:large, max-video-preview:-1\" \/>\n<link rel=\"canonical\" href=\"https:\/\/www.deunkvis.nl\/de\/fischteich\/\" \/>\n<meta property=\"og:locale\" content=\"de_DE\" \/>\n<meta property=\"og:type\" content=\"article\" \/>\n<meta property=\"og:title\" content=\"Fischteich - Zeevisgroothandel Deunk B.V.\" \/>\n<meta property=\"og:description\" content=\"Wenn Sie m\u00f6chten, k\u00f6nnen Sie bei uns in ruhiger und nat\u00fcrlicher Umgebung Forellen angeln. Wir haben zwei sch\u00f6ne Fischteiche mit ausgezeichneter Wasser- und Fischqualit\u00e4t. Sie k\u00f6nnen einen halben Tag oder auch den ganzen Tag angeln, au\u00dferdem k\u00f6nnen Sie auch einen der Teiche anmieten. Wir haben ganzj\u00e4hrig ge\u00f6ffnet! Angelzeiten: Halber Tag von: 07.00 \u2013 12.00 Uhr [&hellip;]\" \/>\n<meta property=\"og:url\" content=\"https:\/\/www.deunkvis.nl\/de\/fischteich\/\" \/>\n<meta property=\"og:site_name\" content=\"Zeevisgroothandel Deunk B.V.\" \/>\n<meta property=\"article:modified_time\" content=\"2026-01-06T11:19:01+00:00\" \/>\n<meta property=\"og:image\" content=\"https:\/\/www.deunkvis.nl\/wp-content\/uploads\/2024\/04\/geenhonden.jpeg\" \/>\n\t<meta property=\"og:image:width\" content=\"1024\" \/>\n\t<meta property=\"og:image:height\" content=\"1024\" \/>\n\t<meta property=\"og:image:type\" content=\"image\/jpeg\" \/>\n<meta name=\"twitter:label1\" content=\"Gesch\u00e4tzte Lesezeit\" \/>\n\t<meta name=\"twitter:data1\" content=\"1\u00a0Minute\" \/>\n<script type=\"application\/ld+json\" class=\"yoast-schema-graph\">{\"@context\":\"https:\/\/schema.org\",\"@graph\":[{\"@type\":\"WebPage\",\"@id\":\"https:\/\/www.deunkvis.nl\/de\/fischteich\/\",\"url\":\"https:\/\/www.deunkvis.nl\/de\/fischteich\/\",\"name\":\"Fischteich - Zeevisgroothandel Deunk B.V.\",\"isPartOf\":{\"@id\":\"https:\/\/www.deunkvis.nl\/#website\"},\"primaryImageOfPage\":{\"@id\":\"https:\/\/www.deunkvis.nl\/de\/fischteich\/#primaryimage\"},\"image\":{\"@id\":\"https:\/\/www.deunkvis.nl\/de\/fischteich\/#primaryimage\"},\"thumbnailUrl\":\"https:\/\/www.deunkvis.nl\/wp-content\/uploads\/2024\/04\/geenhonden-150x150.jpeg\",\"datePublished\":\"2016-02-11T12:28:11+00:00\",\"dateModified\":\"2026-01-06T11:19:01+00:00\",\"breadcrumb\":{\"@id\":\"https:\/\/www.deunkvis.nl\/de\/fischteich\/#breadcrumb\"},\"inLanguage\":\"de\",\"potentialAction\":[{\"@type\":\"ReadAction\",\"target\":[\"https:\/\/www.deunkvis.nl\/de\/fischteich\/\"]}]},{\"@type\":\"ImageObject\",\"inLanguage\":\"de\",\"@id\":\"https:\/\/www.deunkvis.nl\/de\/fischteich\/#primaryimage\",\"url\":\"https:\/\/www.deunkvis.nl\/wp-content\/uploads\/2024\/04\/geenhonden-150x150.jpeg\",\"contentUrl\":\"https:\/\/www.deunkvis.nl\/wp-content\/uploads\/2024\/04\/geenhonden-150x150.jpeg\"},{\"@type\":\"BreadcrumbList\",\"@id\":\"https:\/\/www.deunkvis.nl\/de\/fischteich\/#breadcrumb\",\"itemListElement\":[{\"@type\":\"ListItem\",\"position\":1,\"name\":\"Home\",\"item\":\"https:\/\/www.deunkvis.nl\/de\/\"},{\"@type\":\"ListItem\",\"position\":2,\"name\":\"Fischteich\"}]},{\"@type\":\"WebSite\",\"@id\":\"https:\/\/www.deunkvis.nl\/#website\",\"url\":\"https:\/\/www.deunkvis.nl\/\",\"name\":\"Zeevisgroothandel Deunk B.V.\",\"description\":\"Zeevisgroothandel en Viskwekerij\",\"potentialAction\":[{\"@type\":\"SearchAction\",\"target\":{\"@type\":\"EntryPoint\",\"urlTemplate\":\"https:\/\/www.deunkvis.nl\/?s={search_term_string}\"},\"query-input\":{\"@type\":\"PropertyValueSpecification\",\"valueRequired\":true,\"valueName\":\"search_term_string\"}}],\"inLanguage\":\"de\"}]}<\/script>\n<!-- \/ Yoast SEO plugin. -->","yoast_head_json":{"title":"Fischteich - Zeevisgroothandel Deunk B.V.","robots":{"index":"index","follow":"follow","max-snippet":"max-snippet:-1","max-image-preview":"max-image-preview:large","max-video-preview":"max-video-preview:-1"},"canonical":"https:\/\/www.deunkvis.nl\/de\/fischteich\/","og_locale":"de_DE","og_type":"article","og_title":"Fischteich - Zeevisgroothandel Deunk B.V.","og_description":"Wenn Sie m\u00f6chten, k\u00f6nnen Sie bei uns in ruhiger und nat\u00fcrlicher Umgebung Forellen angeln. Wir haben zwei sch\u00f6ne Fischteiche mit ausgezeichneter Wasser- und Fischqualit\u00e4t. Sie k\u00f6nnen einen halben Tag oder auch den ganzen Tag angeln, au\u00dferdem k\u00f6nnen Sie auch einen der Teiche anmieten. Wir haben ganzj\u00e4hrig ge\u00f6ffnet! Angelzeiten: Halber Tag von: 07.00 \u2013 12.00 Uhr [&hellip;]","og_url":"https:\/\/www.deunkvis.nl\/de\/fischteich\/","og_site_name":"Zeevisgroothandel Deunk B.V.","article_modified_time":"2026-01-06T11:19:01+00:00","og_image":[{"width":1024,"height":1024,"url":"https:\/\/www.deunkvis.nl\/wp-content\/uploads\/2024\/04\/geenhonden.jpeg","type":"image\/jpeg"}],"twitter_misc":{"Gesch\u00e4tzte Lesezeit":"1\u00a0Minute"},"schema":{"@context":"https:\/\/schema.org","@graph":[{"@type":"WebPage","@id":"https:\/\/www.deunkvis.nl\/de\/fischteich\/","url":"https:\/\/www.deunkvis.nl\/de\/fischteich\/","name":"Fischteich - Zeevisgroothandel Deunk B.V.","isPartOf":{"@id":"https:\/\/www.deunkvis.nl\/#website"},"primaryImageOfPage":{"@id":"https:\/\/www.deunkvis.nl\/de\/fischteich\/#primaryimage"},"image":{"@id":"https:\/\/www.deunkvis.nl\/de\/fischteich\/#primaryimage"},"thumbnailUrl":"https:\/\/www.deunkvis.nl\/wp-content\/uploads\/2024\/04\/geenhonden-150x150.jpeg","datePublished":"2016-02-11T12:28:11+00:00","dateModified":"2026-01-06T11:19:01+00:00","breadcrumb":{"@id":"https:\/\/www.deunkvis.nl\/de\/fischteich\/#breadcrumb"},"inLanguage":"de","potentialAction":[{"@type":"ReadAction","target":["https:\/\/www.deunkvis.nl\/de\/fischteich\/"]}]},{"@type":"ImageObject","inLanguage":"de","@id":"https:\/\/www.deunkvis.nl\/de\/fischteich\/#primaryimage","url":"https:\/\/www.deunkvis.nl\/wp-content\/uploads\/2024\/04\/geenhonden-150x150.jpeg","contentUrl":"https:\/\/www.deunkvis.nl\/wp-content\/uploads\/2024\/04\/geenhonden-150x150.jpeg"},{"@type":"BreadcrumbList","@id":"https:\/\/www.deunkvis.nl\/de\/fischteich\/#breadcrumb","itemListElement":[{"@type":"ListItem","position":1,"name":"Home","item":"https:\/\/www.deunkvis.nl\/de\/"},{"@type":"ListItem","position":2,"name":"Fischteich"}]},{"@type":"WebSite","@id":"https:\/\/www.deunkvis.nl\/#website","url":"https:\/\/www.deunkvis.nl\/","name":"Zeevisgroothandel Deunk B.V.","description":"Zeevisgroothandel en Viskwekerij","potentialAction":[{"@type":"SearchAction","target":{"@type":"EntryPoint","urlTemplate":"https:\/\/www.deunkvis.nl\/?s={search_term_string}"},"query-input":{"@type":"PropertyValueSpecification","valueRequired":true,"valueName":"search_term_string"}}],"inLanguage":"de"}]}},"_links":{"self":[{"href":"https:\/\/www.deunkvis.nl\/de\/wp-json\/wp\/v2\/pages\/231","targetHints":{"allow":["GET"]}}],"collection":[{"href":"https:\/\/www.deunkvis.nl\/de\/wp-json\/wp\/v2\/pages"}],"about":[{"href":"https:\/\/www.deunkvis.nl\/de\/wp-json\/wp\/v2\/types\/page"}],"author":[{"embeddable":true,"href":"https:\/\/www.deunkvis.nl\/de\/wp-json\/wp\/v2\/users\/1"}],"replies":[{"embeddable":true,"href":"https:\/\/www.deunkvis.nl\/de\/wp-json\/wp\/v2\/comments?post=231"}],"version-history":[{"count":5,"href":"https:\/\/www.deunkvis.nl\/de\/wp-json\/wp\/v2\/pages\/231\/revisions"}],"predecessor-version":[{"id":2869,"href":"https:\/\/www.deunkvis.nl\/de\/wp-json\/wp\/v2\/pages\/231\/revisions\/2869"}],"wp:attachment":[{"href":"https:\/\/www.deunkvis.nl\/de\/wp-json\/wp\/v2\/media?parent=231"}],"curies":[{"name":"wp","href":"https:\/\/api.w.org\/{rel}","templated":true}]}}